{"id":944,"date":"2025-01-26T17:07:28","date_gmt":"2025-01-26T17:07:28","guid":{"rendered":"https:\/\/shehu.growizzcrm.com\/?page_id=944"},"modified":"2025-02-10T18:44:04","modified_gmt":"2025-02-10T17:44:04","slug":"politiken-e-privatesise","status":"publish","type":"page","link":"https:\/\/shehurentalcars.al\/al\/politiken-e-privatesise\/","title":{"rendered":"Privacy Policy"},"content":{"rendered":"<div class=\"gb-container gb-container-a832cfc4\">\n\n<h1 class=\"wp-block-heading\">Privacy Policy<\/h1>\n\n\n\n<p><strong>P\u00ebrdit\u00ebsimi i fundit:<\/strong> 26 janar 2025<\/p>\n\n\n\n<p>Makina me qira Shehu (&quot;ne&quot;, &quot;ne&quot; ose &quot;jon\u00eb&quot;) \u00ebsht\u00eb e angazhuar p\u00ebr t\u00eb mbrojtur privat\u00ebsin\u00eb tuaj. Kjo Politik\u00eb e Privat\u00ebsis\u00eb shpjegon se si ne mbledhim, p\u00ebrdorim, zbulojm\u00eb dhe ruajm\u00eb informacionin tuaj personal kur vizitoni faqen ton\u00eb t\u00eb internetit (<a href=\"https:\/\/shehurentalcars.al\/al\/\">https:\/\/shehurentalcars.al\/<\/a>) ose p\u00ebrdorni sh\u00ebrbimet tona.<\/p>\n\n\n\n<h3 class=\"wp-block-heading\">1. Fush\u00ebveprimi<\/h3>\n\n\n\n<p>Kjo politik\u00eb e privat\u00ebsis\u00eb zbatohet p\u00ebr t\u00eb gjitha informacionet personale t\u00eb mbledhura p\u00ebrmes faqes son\u00eb t\u00eb internetit dhe n\u00eb kontekstin e sh\u00ebrbimeve tona t\u00eb marrjes me qira t\u00eb makinave, duke p\u00ebrfshir\u00eb informacionin e mbledhur jasht\u00eb linje (p.sh., n\u00eb sportelin e qiras\u00eb).<\/p>\n\n\n\n<h3 class=\"wp-block-heading\">2. T\u00eb dh\u00ebnat personale q\u00eb mbledhim<\/h3>\n\n\n\n<ol class=\"wp-block-list\">\n<li><strong>Informacioni q\u00eb ju jepni<\/strong>\n<ul class=\"wp-block-list\">\n<li><strong>Detajet e Kontaktit<\/strong>: Emri, adresa, emaili, numri i telefonit.<\/li>\n\n\n\n<li><strong>T\u00eb dh\u00ebnat e identifikimit<\/strong>: Numri i pasaport\u00ebs\/ID, informacioni i patent\u00ebs s\u00eb shoferit.<\/li>\n\n\n\n<li><strong>Informacioni i pages\u00ebs<\/strong>: Detajet e kart\u00ebs s\u00eb kreditit\/debitit ose llogaria PayPal p\u00ebr pages\u00ebn e depozitave dhe qiras\u00eb.<\/li>\n\n\n\n<li><strong>Detajet e Qiras\u00eb<\/strong>: Datat e qiras\u00eb, preferencat e automjeteve, informacione shtes\u00eb p\u00ebr shoferin, raportet e incidenteve.<\/li>\n<\/ul>\n<\/li>\n\n\n\n<li><strong>Informacioni i mbledhur automatikisht<\/strong>\n<ul class=\"wp-block-list\">\n<li><strong>T\u00eb dh\u00ebnat e p\u00ebrdorimit<\/strong>: Adresat IP, lloji i shfletuesit, informacioni i pajisjes, faqet e vizituara, koha e kaluar n\u00eb faqe.<\/li>\n\n\n\n<li><strong>Biskota<\/strong>: Ne p\u00ebrdorim cookie dhe teknologji t\u00eb ngjashme gjurmimi p\u00ebr t\u00eb p\u00ebrmir\u00ebsuar p\u00ebrvoj\u00ebn e p\u00ebrdoruesit, p\u00ebr t\u00eb analizuar p\u00ebrdorimin e sajtit dhe p\u00ebr t\u00eb ofruar p\u00ebrmbajtje t\u00eb personalizuar.<\/li>\n<\/ul>\n<\/li>\n<\/ol>\n\n\n\n<h3 class=\"wp-block-heading\">3. Si e p\u00ebrdorim ne informacionin tuaj<\/h3>\n\n\n\n<p>Ne p\u00ebrdorim informacionin e mbledhur p\u00ebr q\u00ebllimet e m\u00ebposhtme:<\/p>\n\n\n\n<ol class=\"wp-block-list\">\n<li><strong>Ofrimi i Sh\u00ebrbimit<\/strong>: P\u00ebr t\u00eb p\u00ebrpunuar dhe menaxhuar rezervimet tuaja, marr\u00ebveshjet e qiras\u00eb, pagesat dhe k\u00ebrkesat p\u00ebr mb\u00ebshtetjen e klientit.<\/li>\n\n\n\n<li><strong>Komunikimi<\/strong>: P\u00ebr t\u00eb d\u00ebrguar konfirmime, fatura, p\u00ebrdit\u00ebsime dhe p\u00ebr t&#039;iu p\u00ebrgjigjur pyetjeve.<\/li>\n\n\n\n<li><strong>Pajtueshm\u00ebria ligjore<\/strong>: T\u00eb respektoj\u00eb ligjet shqiptare, duke p\u00ebrfshir\u00eb k\u00ebrkesat p\u00ebr mbajtjen e t\u00eb dh\u00ebnave dhe parandalimin e mashtrimit.<\/li>\n\n\n\n<li><strong>Marketingu<\/strong>: P\u00ebr t&#039;ju d\u00ebrguar informacion n\u00eb lidhje me promovimet, sh\u00ebrbimet ose ofertat speciale n\u00ebse keni zgjedhur. Mund t\u00eb \u00e7abonoheni n\u00eb \u00e7do koh\u00eb.<\/li>\n\n\n\n<li><strong>P\u00ebrmir\u00ebsimi i faqes n\u00eb internet<\/strong>: P\u00ebr t\u00eb kuptuar se si p\u00ebrdoruesit nd\u00ebrveprojn\u00eb me faqen ton\u00eb t\u00eb internetit dhe p\u00ebr t\u00eb p\u00ebrmir\u00ebsuar p\u00ebrmbajtjen e faqes son\u00eb dhe p\u00ebrvoj\u00ebn e p\u00ebrdoruesit.<\/li>\n<\/ol>\n\n\n\n<h3 class=\"wp-block-heading\">4. Baza Ligjore p\u00ebr P\u00ebrpunim<\/h3>\n\n\n\n<p>N\u00ebse jeni n\u00eb Zon\u00ebn Ekonomike Evropiane (ZEE), baza jon\u00eb ligjore p\u00ebr mbledhjen dhe p\u00ebrdorimin e informacionit tuaj personal varet nga t\u00eb dh\u00ebnat dhe konteksti n\u00eb t\u00eb cilin ne i mbledhim ato. N\u00eb p\u00ebrgjith\u00ebsi, ne p\u00ebrpunojm\u00eb t\u00eb dh\u00ebna:<\/p>\n\n\n\n<ul class=\"wp-block-list\">\n<li><strong>P\u00ebr t\u00eb p\u00ebrmbushur nj\u00eb kontrat\u00eb<\/strong> <\/li>\n\n\n\n<li><strong>Me p\u00eblqimin tuaj<\/strong><\/li>\n\n\n\n<li><strong>P\u00ebr interesa t\u00eb ligjshme biznesi<\/strong><\/li>\n\n\n\n<li><strong>P\u00ebr t\u00eb p\u00ebrmbushur detyrimet ligjore<\/strong>.<\/li>\n<\/ul>\n\n\n\n<h3 class=\"wp-block-heading\">5. Ndarja dhe zbulimi i informacionit<\/h3>\n\n\n\n<p>Ne nuk i shesim apo marrim me qira t\u00eb dh\u00ebnat tuaja personale. Ne ndajm\u00eb informacion vet\u00ebm me:<\/p>\n\n\n\n<ol class=\"wp-block-list\">\n<li><strong>Ofruesit e Sh\u00ebrbimeve<\/strong>: P\u00ebrpunuesit e pagesave (p.sh. PayPal), ofruesit e sh\u00ebrbimeve t\u00eb TI-s\u00eb, agjencit\u00eb e marketingut. Ata jan\u00eb t\u00eb detyruar nga detyrimet e konfidencialitetit.<\/li>\n\n\n\n<li><strong>Pajtueshm\u00ebria ligjore<\/strong>: Qeveria ose agjencit\u00eb e zbatimit t\u00eb ligjit n\u00ebse k\u00ebrkohet nga ligji ose urdhri i gjykat\u00ebs.<\/li>\n\n\n\n<li><strong>Transferet e biznesit<\/strong>: N\u00eb rast t\u00eb bashkimit, blerjes ose shitjes s\u00eb aktiveve, informacioni personal mund t\u00eb transferohet. Ne do t&#039;ju njoftojm\u00eb n\u00ebse kjo ndodh.<\/li>\n<\/ol>\n\n\n\n<h3 class=\"wp-block-heading\">6. Cookies &amp; Teknologjit\u00eb e Ndjekjes<\/h3>\n\n\n\n<p>Ne p\u00ebrdorim cookie dhe mjete t\u00eb ngjashme p\u00ebr t\u00eb ruajtur preferencat e p\u00ebrdoruesve, p\u00ebr t\u00eb analizuar trafikun dhe p\u00ebr t\u00eb p\u00ebrmir\u00ebsuar p\u00ebrvoj\u00ebn e p\u00ebrdoruesit. Ju mund t\u00eb kontrolloni cil\u00ebsimet e cookie-ve n\u00eb shfletuesin tuaj. Megjithat\u00eb, \u00e7aktivizimi i kukive mund t\u00eb ndikoj\u00eb n\u00eb funksionalitetin e faqes n\u00eb internet.<\/p>\n\n\n\n<h3 class=\"wp-block-heading\">7. Ruajtja e t\u00eb dh\u00ebnave<\/h3>\n\n\n\n<p>Ne ruajm\u00eb informacionin personal p\u00ebr aq koh\u00eb sa \u00ebsht\u00eb e nevojshme p\u00ebr t\u00eb p\u00ebrmbushur q\u00ebllimet e p\u00ebrshkruara n\u00eb k\u00ebt\u00eb politik\u00eb ose p\u00ebr t\u00eb p\u00ebrmbushur detyrimet ligjore dhe rregullatore, p\u00ebr t\u00eb zgjidhur mosmarr\u00ebveshjet dhe p\u00ebr t\u00eb zbatuar marr\u00ebveshjet tona.<\/p>\n\n\n\n<h3 class=\"wp-block-heading\">8. Siguria e t\u00eb dh\u00ebnave<\/h3>\n\n\n\n<p>Ne zbatojm\u00eb masa t\u00eb arsyeshme sigurie (administrative, teknike dhe fizike) p\u00ebr t\u00eb mbrojtur informacionin tuaj personal nga aksesi, zbulimi ose keqp\u00ebrdorimi i paautorizuar. Pavar\u00ebsisht p\u00ebrpjekjeve tona, asnj\u00eb mas\u00eb sigurie nuk \u00ebsht\u00eb plot\u00ebsisht e sigurt.<\/p>\n\n\n\n<h3 class=\"wp-block-heading\">9. T\u00eb drejtat tuaja<\/h3>\n\n\n\n<p>N\u00eb var\u00ebsi t\u00eb ligjit vendor, ju mund t\u00eb keni t\u00eb drejtat e m\u00ebposhtme p\u00ebr mbrojtjen e t\u00eb dh\u00ebnave:<\/p>\n\n\n\n<ol class=\"wp-block-list\">\n<li><strong>Qasja<\/strong>: K\u00ebrkoni qasje n\u00eb t\u00eb dh\u00ebnat tuaja personale.<\/li>\n\n\n\n<li><strong>Korrigjimi<\/strong>: Korrigjoni \u00e7do pasakt\u00ebsi n\u00eb t\u00eb dh\u00ebnat tuaja.<\/li>\n\n\n\n<li><strong>Fshirja<\/strong>: K\u00ebrkoni fshirjen e t\u00eb dh\u00ebnave tuaja personale.<\/li>\n\n\n\n<li><strong>Kufizimi<\/strong>: Na k\u00ebrkoni t\u00eb kufizojm\u00eb p\u00ebrpunimin e t\u00eb dh\u00ebnave tuaja.<\/li>\n\n\n\n<li><strong>Kund\u00ebrshtim<\/strong>: Kund\u00ebrshtim p\u00ebr p\u00ebrpunim t\u00eb caktuar bazuar n\u00eb interesa legjitime.<\/li>\n\n\n\n<li><strong>Transportueshm\u00ebria e t\u00eb dh\u00ebnave<\/strong>: K\u00ebrkoni nj\u00eb kopje t\u00eb t\u00eb dh\u00ebnave tuaja personale n\u00eb nj\u00eb format t\u00eb strukturuar dhe t\u00eb lexuesh\u00ebm nga makina.<\/li>\n\n\n\n<li><strong>T\u00ebrheqja e p\u00eblqimit<\/strong>: Aty ku p\u00eblqimi \u00ebsht\u00eb baza ligjore, mund ta t\u00ebrhiqni at\u00eb n\u00eb \u00e7do koh\u00eb.<\/li>\n<\/ol>\n\n\n\n<p>P\u00ebr t\u00eb ushtruar k\u00ebto t\u00eb drejta, ju lutemi na kontaktoni n\u00eb <a>info@shehurentalcars.al<\/a>. Mund t\u00eb k\u00ebrkojm\u00eb verifikimin e identitetit tuaj p\u00ebrpara se t&#039;i p\u00ebrgjigjemi k\u00ebrkes\u00ebs suaj.<\/p>\n\n\n\n<h3 class=\"wp-block-heading\">10. Faqet e internetit t\u00eb pal\u00ebve t\u00eb treta<\/h3>\n\n\n\n<p>Faqja jon\u00eb e internetit mund t\u00eb p\u00ebrmbaj\u00eb lidhje me faqet e internetit ose sh\u00ebrbimet e pal\u00ebve t\u00eb treta (p.sh. PayPal). Ne nuk jemi p\u00ebrgjegj\u00ebs p\u00ebr praktikat e privat\u00ebsis\u00eb s\u00eb k\u00ebtyre faqeve t\u00eb jashtme t\u00eb internetit. Ne ju inkurajojm\u00eb t\u00eb rishikoni politikat e tyre t\u00eb privat\u00ebsis\u00eb p\u00ebrpara se t\u00eb jepni ndonj\u00eb informacion personal.<\/p>\n\n\n\n<h3 class=\"wp-block-heading\">11. Transferimet nd\u00ebrkomb\u00ebtare t\u00eb t\u00eb dh\u00ebnave<\/h3>\n\n\n\n<p>N\u00ebse transferojm\u00eb informacionin tuaj personal jasht\u00eb ZEE-s\u00eb ose rajoneve t\u00eb tjera, ne sigurojm\u00eb q\u00eb ekzistojn\u00eb masa mbrojt\u00ebse t\u00eb p\u00ebrshtatshme (p.sh., klauzola standarde kontraktuale) p\u00ebr t\u00eb mbrojtur t\u00eb dh\u00ebnat tuaja.<\/p>\n\n\n\n<h3 class=\"wp-block-heading\">12. Privat\u00ebsia e f\u00ebmij\u00ebve<\/h3>\n\n\n\n<p>Sh\u00ebrbimet tona nuk u drejtohen individ\u00ebve n\u00ebn 18 vje\u00e7. Ne nuk mbledhim me vet\u00ebdije informacione personale nga t\u00eb miturit. N\u00ebse besoni se mund t\u00eb kemi informacion p\u00ebr nj\u00eb f\u00ebmij\u00eb, ju lutemi na kontaktoni.<\/p>\n\n\n\n<h3 class=\"wp-block-heading\">13. Ndryshimet n\u00eb k\u00ebt\u00eb politik\u00eb t\u00eb privat\u00ebsis\u00eb<\/h3>\n\n\n\n<p>Ne mund ta p\u00ebrdit\u00ebsojm\u00eb periodikisht k\u00ebt\u00eb politik\u00eb t\u00eb privat\u00ebsis\u00eb. Versioni i p\u00ebrdit\u00ebsuar do t\u00eb tregohet nga nj\u00eb dat\u00eb e p\u00ebrdit\u00ebsuar &quot;P\u00ebrdit\u00ebsimi i fundit&quot; dhe do t\u00eb hyj\u00eb n\u00eb fuqi sapo t\u00eb jet\u00eb i disponuesh\u00ebm. P\u00ebrdorimi i vazhduesh\u00ebm i sh\u00ebrbimeve tona pas postimit t\u00eb ndryshimeve p\u00ebrb\u00ebn pranimin tuaj t\u00eb Politik\u00ebs s\u00eb rishikuar.<\/p>\n\n\n\n<h3 class=\"wp-block-heading\">14. Na kontaktoni<\/h3>\n\n\n\n<p>P\u00ebr pyetje ose shqet\u00ebsime n\u00eb lidhje me k\u00ebt\u00eb Politik\u00eb t\u00eb Privat\u00ebsis\u00eb ose praktikat tona t\u00eb t\u00eb dh\u00ebnave, ju lutemi na kontaktoni n\u00eb:<\/p>\n\n\n\n<ul class=\"wp-block-list\">\n<li><strong>Makina me qera Shehu<\/strong><\/li>\n\n\n\n<li><strong>Faqja e internetit<\/strong>: <a href=\"https:\/\/shehurentalcars.al\/al\/\">https:\/\/shehurentalcars.al\/<\/a><\/li>\n\n\n\n<li><strong>Email<\/strong>: <a>info@shehurentalcars.al<\/a><\/li>\n\n\n\n<li><strong>Telefoni<\/strong>: +355 68 422 8888<\/li>\n<\/ul>\n\n<\/div>","protected":false},"excerpt":{"rendered":"<p>Politika e Privat\u00ebsis\u00eb P\u00ebrdit\u00ebsuar p\u00ebr her\u00eb t\u00eb fundit: 26 Janar 2025 Car Rental Shehu (\u201cne\u201d, \u201cna\u201d ose \u201ctona\u201d) \u00ebsht\u00eb e p\u00ebrkushtuar p\u00ebr t\u00eb mbrojtur privat\u00ebsin\u00eb tuaj. Kjo Politik\u00eb Privat\u00ebsie shpjegon se si ne mbledhim, p\u00ebrdorim, zbulojm\u00eb dhe mbrojm\u00eb informacionin tuaj personal kur vizitoni faqen ton\u00eb t\u00eb internetit (https:\/\/shehurentalcars.al\/) ose p\u00ebrdorni sh\u00ebrbimet tona. 1. Fusha e zbatimit Kjo Politik\u00eb Privat\u00ebsie zbatohet p\u00ebr t\u00eb gjitha informacionet personale t\u00eb mbledhura ... <a title=\"Privacy Policy\" class=\"read-more\" href=\"https:\/\/shehurentalcars.al\/al\/politiken-e-privatesise\/\" aria-label=\"Lexoni m\u00eb shum\u00eb rreth Politik\u00ebs s\u00eb Privat\u00ebsis\u00eb\">Lexo artikullin<\/a><\/p>","protected":false},"author":1,"featured_media":0,"parent":0,"menu_order":0,"comment_status":"closed","ping_status":"closed","template":"","meta":{"footnotes":""},"class_list":["post-944","page","type-page","status-publish"],"rankMath":{"parentDomain":"shehurentalcars.al","noFollowDomains":[],"noFollowExcludeDomains":[],"noFollowExternalLinks":false,"featuredImageNotice":"The featured image should be at least 200 by 200 pixels to be picked up by Facebook and other social media sites.","pluginReviewed":false,"postSettings":{"linkSuggestions":true,"useFocusKeyword":false},"frontEndScore":false,"postName":"privacy-policy","permalinkFormat":"https:\/\/shehurentalcars.al\/al\/%pagename%\/","showLockModifiedDate":true,"assessor":{"focusKeywordLink":"https:\/\/shehurentalcars.al\/wp-admin\/edit.php?focus_keyword=%focus_keyword%&post_type=%post_type%","hasTOCPlugin":false,"primaryTaxonomy":false,"serpData":{"title":"","description":"","focusKeywords":"","pillarContent":false,"canonicalUrl":"","breadcrumbTitle":"","advancedRobots":{"max-snippet":"-1","max-video-preview":"-1","max-image-preview":"large"},"facebookTitle":"","facebookDescription":"","facebookImage":"","facebookImageID":"","facebookHasOverlay":false,"facebookImageOverlay":"","facebookAuthor":"","twitterCardType":"","twitterUseFacebook":true,"twitterTitle":"","twitterDescription":"","twitterImage":"","twitterImageID":"","twitterHasOverlay":false,"twitterImageOverlay":"","twitterPlayerUrl":"","twitterPlayerSize":"","twitterPlayerStream":"","twitterPlayerStreamCtype":"","twitterAppDescription":"","twitterAppIphoneName":"","twitterAppIphoneID":"","twitterAppIphoneUrl":"","twitterAppIpadName":"","twitterAppIpadID":"","twitterAppIpadUrl":"","twitterAppGoogleplayName":"","twitterAppGoogleplayID":"","twitterAppGoogleplayUrl":"","twitterAppCountry":"","robots":{"index":true},"twitterAuthor":"username","primaryTerm":0,"authorName":"admin","titleTemplate":"%parent_title%","descriptionTemplate":"%excerpt%","showScoreFrontend":true,"lockModifiedDate":false},"powerWords":[],"diacritics":{"A":"[\\u0041\\u24B6\\uFF21\\u00C0\\u00C1\\u00C2\\u1EA6\\u1EA4\\u1EAA\\u1EA8\\u00C3\\u0100\\u0102\\u1EB0\\u1EAE\\u1EB4\\u1EB2\\u0226\\u01E0\\u00C4\\u01DE\\u1EA2\\u00C5\\u01FA\\u01CD\\u0200\\u0202\\u1EA0\\u1EAC\\u1EB6\\u1E00\\u0104\\u023A\\u2C6F]","AA":"[\\uA732]","AE":"[\\u00C6\\u01FC\\u01E2]","AO":"[\\uA734]","AU":"[\\uA736]","AV":"[\\uA738\\uA73A]","AY":"[\\uA73C]","B":"[\\u0042\\u24B7\\uFF22\\u1E02\\u1E04\\u1E06\\u0243\\u0182\\u0181]","C":"[\\u0043\\u24B8\\uFF23\\u0106\\u0108\\u010A\\u010C\\u00C7\\u1E08\\u0187\\u023B\\uA73E]","D":"[\\u0044\\u24B9\\uFF24\\u1E0A\\u010E\\u1E0C\\u1E10\\u1E12\\u1E0E\\u0110\\u018B\\u018A\\u0189\\uA779]","DZ":"[\\u01F1\\u01C4]","Dz":"[\\u01F2\\u01C5]","E":"[\\u0045\\u24BA\\uFF25\\u00C8\\u00C9\\u00CA\\u1EC0\\u1EBE\\u1EC4\\u1EC2\\u1EBC\\u0112\\u1E14\\u1E16\\u0114\\u0116\\u00CB\\u1EBA\\u011A\\u0204\\u0206\\u1EB8\\u1EC6\\u0228\\u1E1C\\u0118\\u1E18\\u1E1A\\u0190\\u018E]","F":"[\\u0046\\u24BB\\uFF26\\u1E1E\\u0191\\uA77B]","G":"[\\u0047\\u24BC\\uFF27\\u01F4\\u011C\\u1E20\\u011E\\u0120\\u01E6\\u0122\\u01E4\\u0193\\uA7A0\\uA77D\\uA77E]","H":"[\\u0048\\u24BD\\uFF28\\u0124\\u1E22\\u1E26\\u021E\\u1E24\\u1E28\\u1E2A\\u0126\\u2C67\\u2C75\\uA78D]","I":"[\\u0049\\u24BE\\uFF29\\u00CC\\u00CD\\u00CE\\u0128\\u012A\\u012C\\u0130\\u00CF\\u1E2E\\u1EC8\\u01CF\\u0208\\u020A\\u1ECA\\u012E\\u1E2C\\u0197]","J":"[\\u004A\\u24BF\\uFF2A\\u0134\\u0248]","K":"[\\u004B\\u24C0\\uFF2B\\u1E30\\u01E8\\u1E32\\u0136\\u1E34\\u0198\\u2C69\\uA740\\uA742\\uA744\\uA7A2]","L":"[\\u004C\\u24C1\\uFF2C\\u013F\\u0139\\u013D\\u1E36\\u1E38\\u013B\\u1E3C\\u1E3A\\u0141\\u023D\\u2C62\\u2C60\\uA748\\uA746\\uA780]","LJ":"[\\u01C7]","Lj":"[\\u01C8]","M":"[\\u004D\\u24C2\\uFF2D\\u1E3E\\u1E40\\u1E42\\u2C6E\\u019C]","N":"[\\u004E\\u24C3\\uFF2E\\u01F8\\u0143\\u00D1\\u1E44\\u0147\\u1E46\\u0145\\u1E4A\\u1E48\\u0220\\u019D\\uA790\\uA7A4]","NJ":"[\\u01CA]","Nj":"[\\u01CB]","O":"[\\u004F\\u24C4\\uFF2F\\u00D2\\u00D3\\u00D4\\u1ED2\\u1ED0\\u1ED6\\u1ED4\\u00D5\\u1E4C\\u022C\\u1E4E\\u014C\\u1E50\\u1E52\\u014E\\u022E\\u0230\\u00D6\\u022A\\u1ECE\\u0150\\u01D1\\u020C\\u020E\\u01A0\\u1EDC\\u1EDA\\u1EE0\\u1EDE\\u1EE2\\u1ECC\\u1ED8\\u01EA\\u01EC\\u00D8\\u01FE\\u0186\\u019F\\uA74A\\uA74C]","OI":"[\\u01A2]","OO":"[\\uA74E]","OU":"[\\u0222]","P":"[\\u0050\\u24C5\\uFF30\\u1E54\\u1E56\\u01A4\\u2C63\\uA750\\uA752\\uA754]","Q":"[\\u0051\\u24C6\\uFF31\\uA756\\uA758\\u024A]","R":"[\\u0052\\u24C7\\uFF32\\u0154\\u1E58\\u0158\\u0210\\u0212\\u1E5A\\u1E5C\\u0156\\u1E5E\\u024C\\u2C64\\uA75A\\uA7A6\\uA782]","S":"[\\u0053\\u24C8\\uFF33\\u1E9E\\u015A\\u1E64\\u015C\\u1E60\\u0160\\u1E66\\u1E62\\u1E68\\u0218\\u015E\\u2C7E\\uA7A8\\uA784]","T":"[\\u0054\\u24C9\\uFF34\\u1E6A\\u0164\\u1E6C\\u021A\\u0162\\u1E70\\u1E6E\\u0166\\u01AC\\u01AE\\u023E\\uA786]","TZ":"[\\uA728]","U":"[\\u0055\\u24CA\\uFF35\\u00D9\\u00DA\\u00DB\\u0168\\u1E78\\u016A\\u1E7A\\u016C\\u00DC\\u01DB\\u01D7\\u01D5\\u01D9\\u1EE6\\u016E\\u0170\\u01D3\\u0214\\u0216\\u01AF\\u1EEA\\u1EE8\\u1EEE\\u1EEC\\u1EF0\\u1EE4\\u1E72\\u0172\\u1E76\\u1E74\\u0244]","V":"[\\u0056\\u24CB\\uFF36\\u1E7C\\u1E7E\\u01B2\\uA75E\\u0245]","VY":"[\\uA760]","W":"[\\u0057\\u24CC\\uFF37\\u1E80\\u1E82\\u0174\\u1E86\\u1E84\\u1E88\\u2C72]","X":"[\\u0058\\u24CD\\uFF38\\u1E8A\\u1E8C]","Y":"[\\u0059\\u24CE\\uFF39\\u1EF2\\u00DD\\u0176\\u1EF8\\u0232\\u1E8E\\u0178\\u1EF6\\u1EF4\\u01B3\\u024E\\u1EFE]","Z":"[\\u005A\\u24CF\\uFF3A\\u0179\\u1E90\\u017B\\u017D\\u1E92\\u1E94\\u01B5\\u0224\\u2C7F\\u2C6B\\uA762]","a":"[\\u0061\\u24D0\\uFF41\\u1E9A\\u00E0\\u00E1\\u00E2\\u1EA7\\u1EA5\\u1EAB\\u1EA9\\u00E3\\u0101\\u0103\\u1EB1\\u1EAF\\u1EB5\\u1EB3\\u0227\\u01E1\\u00E4\\u01DF\\u1EA3\\u00E5\\u01FB\\u01CE\\u0201\\u0203\\u1EA1\\u1EAD\\u1EB7\\u1E01\\u0105\\u2C65\\u0250]","aa":"[\\uA733]","ae":"[\\u00E6\\u01FD\\u01E3]","ao":"[\\uA735]","au":"[\\uA737]","av":"[\\uA739\\uA73B]","ay":"[\\uA73D]","b":"[\\u0062\\u24D1\\uFF42\\u1E03\\u1E05\\u1E07\\u0180\\u0183\\u0253]","c":"[\\u0063\\u24D2\\uFF43\\u0107\\u0109\\u010B\\u010D\\u00E7\\u1E09\\u0188\\u023C\\uA73F\\u2184]","d":"[\\u0064\\u24D3\\uFF44\\u1E0B\\u010F\\u1E0D\\u1E11\\u1E13\\u1E0F\\u0111\\u018C\\u0256\\u0257\\uA77A]","dz":"[\\u01F3\\u01C6]","e":"[\\u0065\\u24D4\\uFF45\\u00E8\\u00E9\\u00EA\\u1EC1\\u1EBF\\u1EC5\\u1EC3\\u1EBD\\u0113\\u1E15\\u1E17\\u0115\\u0117\\u00EB\\u1EBB\\u011B\\u0205\\u0207\\u1EB9\\u1EC7\\u0229\\u1E1D\\u0119\\u1E19\\u1E1B\\u0247\\u025B\\u01DD]","f":"[\\u0066\\u24D5\\uFF46\\u1E1F\\u0192\\uA77C]","g":"[\\u0067\\u24D6\\uFF47\\u01F5\\u011D\\u1E21\\u011F\\u0121\\u01E7\\u0123\\u01E5\\u0260\\uA7A1\\u1D79\\uA77F]","h":"[\\u0068\\u24D7\\uFF48\\u0125\\u1E23\\u1E27\\u021F\\u1E25\\u1E29\\u1E2B\\u1E96\\u0127\\u2C68\\u2C76\\u0265]","hv":"[\\u0195]","i":"[\\u0069\\u24D8\\uFF49\\u00EC\\u00ED\\u00EE\\u0129\\u012B\\u012D\\u00EF\\u1E2F\\u1EC9\\u01D0\\u0209\\u020B\\u1ECB\\u012F\\u1E2D\\u0268\\u0131]","j":"[\\u006A\\u24D9\\uFF4A\\u0135\\u01F0\\u0249]","k":"[\\u006B\\u24DA\\uFF4B\\u1E31\\u01E9\\u1E33\\u0137\\u1E35\\u0199\\u2C6A\\uA741\\uA743\\uA745\\uA7A3]","l":"[\\u006C\\u24DB\\uFF4C\\u0140\\u013A\\u013E\\u1E37\\u1E39\\u013C\\u1E3D\\u1E3B\\u017F\\u0142\\u019A\\u026B\\u2C61\\uA749\\uA781\\uA747]","lj":"[\\u01C9]","m":"[\\u006D\\u24DC\\uFF4D\\u1E3F\\u1E41\\u1E43\\u0271\\u026F]","n":"[\\u006E\\u24DD\\uFF4E\\u01F9\\u0144\\u00F1\\u1E45\\u0148\\u1E47\\u0146\\u1E4B\\u1E49\\u019E\\u0272\\u0149\\uA791\\uA7A5]","nj":"[\\u01CC]","o":"[\\u006F\\u24DE\\uFF4F\\u00F2\\u00F3\\u00F4\\u1ED3\\u1ED1\\u1ED7\\u1ED5\\u00F5\\u1E4D\\u022D\\u1E4F\\u014D\\u1E51\\u1E53\\u014F\\u022F\\u0231\\u00F6\\u022B\\u1ECF\\u0151\\u01D2\\u020D\\u020F\\u01A1\\u1EDD\\u1EDB\\u1EE1\\u1EDF\\u1EE3\\u1ECD\\u1ED9\\u01EB\\u01ED\\u00F8\\u01FF\\u0254\\uA74B\\uA74D\\u0275]","oi":"[\\u01A3]","ou":"[\\u0223]","oo":"[\\uA74F]","p":"[\\u0070\\u24DF\\uFF50\\u1E55\\u1E57\\u01A5\\u1D7D\\uA751\\uA753\\uA755]","q":"[\\u0071\\u24E0\\uFF51\\u024B\\uA757\\uA759]","r":"[\\u0072\\u24E1\\uFF52\\u0155\\u1E59\\u0159\\u0211\\u0213\\u1E5B\\u1E5D\\u0157\\u1E5F\\u024D\\u027D\\uA75B\\uA7A7\\uA783]","s":"[\\u0073\\u24E2\\uFF53\\u015B\\u1E65\\u015D\\u1E61\\u0161\\u1E67\\u1E63\\u1E69\\u0219\\u015F\\u023F\\uA7A9\\uA785\\u1E9B]","ss":"[\\u00DF]","t":"[\\u0074\\u24E3\\uFF54\\u1E6B\\u1E97\\u0165\\u1E6D\\u021B\\u0163\\u1E71\\u1E6F\\u0167\\u01AD\\u0288\\u2C66\\uA787]","tz":"[\\uA729]","u":"[\\u0075\\u24E4\\uFF55\\u00F9\\u00FA\\u00FB\\u0169\\u1E79\\u016B\\u1E7B\\u016D\\u00FC\\u01DC\\u01D8\\u01D6\\u01DA\\u1EE7\\u016F\\u0171\\u01D4\\u0215\\u0217\\u01B0\\u1EEB\\u1EE9\\u1EEF\\u1EED\\u1EF1\\u1EE5\\u1E73\\u0173\\u1E77\\u1E75\\u0289]","v":"[\\u0076\\u24E5\\uFF56\\u1E7D\\u1E7F\\u028B\\uA75F\\u028C]","vy":"[\\uA761]","w":"[\\u0077\\u24E6\\uFF57\\u1E81\\u1E83\\u0175\\u1E87\\u1E85\\u1E98\\u1E89\\u2C73]","x":"[\\u0078\\u24E7\\uFF58\\u1E8B\\u1E8D]","y":"[\\u0079\\u24E8\\uFF59\\u1EF3\\u00FD\\u0177\\u1EF9\\u0233\\u1E8F\\u00FF\\u1EF7\\u1E99\\u1EF5\\u01B4\\u024F\\u1EFF]","z":"[\\u007A\\u24E9\\uFF5A\\u017A\\u1E91\\u017C\\u017E\\u1E93\\u1E95\\u01B6\\u0225\\u0240\\u2C6C\\uA763]"},"researchesTests":["contentHasTOC","contentHasShortParagraphs","contentHasAssets","keywordInTitle","keywordInMetaDescription","keywordInPermalink","keywordIn10Percent","keywordInContent","keywordInSubheadings","keywordInImageAlt","keywordDensity","keywordNotUsed","lengthContent","lengthPermalink","linksHasInternal","linksHasExternals","linksNotAllExternals","titleStartWithKeyword","titleSentiment","titleHasPowerWords","titleHasNumber","hasContentAI"],"hasRedirection":true,"hasBreadcrumb":true},"homeUrl":"https:\/\/shehurentalcars.al\/al","objectID":944,"objectType":"post","locale":"sq","localeFull":"sq","overlayImages":{"play":{"name":"Play icon","url":"https:\/\/shehurentalcars.al\/wp-content\/plugins\/seo-by-rank-math\/assets\/admin\/img\/icon-play.png","path":"\/home\/shehurentalcars\/public_html\/wp-content\/plugins\/seo-by-rank-math\/assets\/admin\/img\/icon-play.png","position":"middle_center"},"gif":{"name":"GIF icon","url":"https:\/\/shehurentalcars.al\/wp-content\/plugins\/seo-by-rank-math\/assets\/admin\/img\/icon-gif.png","path":"\/home\/shehurentalcars\/public_html\/wp-content\/plugins\/seo-by-rank-math\/assets\/admin\/img\/icon-gif.png","position":"middle_center"}},"defautOgImage":"https:\/\/shehurentalcars.al\/wp-content\/uploads\/2024\/09\/webpc-passthru-1-1.png","customPermalinks":true,"isUserRegistered":true,"autoSuggestKeywords":true,"connectSiteUrl":"https:\/\/rankmath.com\/auth?site=https%3A%2F%2Fshehurentalcars.al%2Fal&r=https%3A%2F%2Fshehurentalcars.al%2Fal%2Fwp-json%2Fwp%2Fv2%2Fpages%2F944%3Fnonce%3D2a103725c2&pro=1","maxTags":100,"trendsIcon":"<svg viewBox=\"0 0 610 610\"><path d=\"M18.85,446,174.32,290.48l58.08,58.08L76.93,504a14.54,14.54,0,0,1-20.55,0L18.83,466.48a14.54,14.54,0,0,1,0-20.55Z\" style=\"fill:#4285f4\"\/><path d=\"M242.65,242.66,377.59,377.6l-47.75,47.75a14.54,14.54,0,0,1-20.55,0L174.37,290.43l47.75-47.75A14.52,14.52,0,0,1,242.65,242.66Z\" style=\"fill:#ea4335\"\/><polygon points=\"319.53 319.53 479.26 159.8 537.34 217.88 377.61 377.62 319.53 319.53\" style=\"fill:#fabb05\"\/><path d=\"M594.26,262.73V118.61h0a16.94,16.94,0,0,0-16.94-16.94H433.2a16.94,16.94,0,0,0-12,28.92L565.34,274.71h0a16.94,16.94,0,0,0,28.92-12Z\" style=\"fill:#34a853\"\/><rect width=\"610\" height=\"610\" style=\"fill:none\"\/><\/svg>","showScore":true,"siteFavIcon":"https:\/\/shehurentalcars.al\/wp-content\/uploads\/2024\/11\/cropped-Shehu-Car-Rental-150x150.jpg","canUser":{"general":false,"advanced":false,"snippet":false,"social":false,"analysis":false,"analytics":false,"content_ai":false},"showKeywordIntent":true,"isPro":true,"is_front_page":false,"trendsUpgradeLink":"https:\/\/rankmath.com\/pricing\/?utm_source=Plugin&utm_medium=CE%20General%20Tab%20Trends&utm_campaign=WP","trendsUpgradeLabel":"Upgrade","trendsPreviewImage":"https:\/\/shehurentalcars.al\/wp-content\/plugins\/seo-by-rank-math\/assets\/admin\/img\/trends-preview.jpg","currentEditor":false,"homepageData":{"assessor":{"powerWords":[],"diacritics":true,"researchesTests":["contentHasTOC","contentHasShortParagraphs","contentHasAssets","keywordInTitle","keywordInMetaDescription","keywordInPermalink","keywordIn10Percent","keywordInContent","keywordInSubheadings","keywordInImageAlt","keywordDensity","keywordNotUsed","lengthContent","lengthPermalink","linksHasInternal","linksHasExternals","linksNotAllExternals","titleStartWithKeyword","titleSentiment","titleHasPowerWords","titleHasNumber","hasContentAI"],"hasBreadcrumb":true,"serpData":{"title":"%sitename% %page% %sep% %sitedesc%","description":"","titleTemplate":"%sitename% %page% %sep% %sitedesc%","descriptionTemplate":"","focusKeywords":"","breadcrumbTitle":"Home","robots":{"index":true},"advancedRobots":{"max-snippet":"-1","max-video-preview":"-1","max-image-preview":"large"},"facebookTitle":"","facebookDescription":"","facebookImage":"","facebookImageID":""}}},"searchIntents":[],"isAnalyticsConnected":false,"tocTitle":"Table of Contents","tocExcludeHeadings":[],"listStyle":"ul"},"_links":{"self":[{"href":"https:\/\/shehurentalcars.al\/al\/wp-json\/wp\/v2\/pages\/944","targetHints":{"allow":["GET"]}}],"collection":[{"href":"https:\/\/shehurentalcars.al\/al\/wp-json\/wp\/v2\/pages"}],"about":[{"href":"https:\/\/shehurentalcars.al\/al\/wp-json\/wp\/v2\/types\/page"}],"author":[{"embeddable":true,"href":"https:\/\/shehurentalcars.al\/al\/wp-json\/wp\/v2\/users\/1"}],"replies":[{"embeddable":true,"href":"https:\/\/shehurentalcars.al\/al\/wp-json\/wp\/v2\/comments?post=944"}],"version-history":[{"count":5,"href":"https:\/\/shehurentalcars.al\/al\/wp-json\/wp\/v2\/pages\/944\/revisions"}],"predecessor-version":[{"id":5876,"href":"https:\/\/shehurentalcars.al\/al\/wp-json\/wp\/v2\/pages\/944\/revisions\/5876"}],"wp:attachment":[{"href":"https:\/\/shehurentalcars.al\/al\/wp-json\/wp\/v2\/media?parent=944"}],"curies":[{"name":"wp","href":"https:\/\/api.w.org\/{rel}","templated":true}]}}